{"id":3308,"date":"2024-01-29T08:03:58","date_gmt":"2024-01-29T08:03:58","guid":{"rendered":"https:\/\/agoda.voyeglobal.com\/installation-guide\/"},"modified":"2025-10-09T10:51:57","modified_gmt":"2025-10-09T10:51:57","slug":"installation-guide","status":"publish","type":"page","link":"https:\/\/agoda.voyeglobal.com\/es\/installation-guide\/","title":{"rendered":"Gu\u00eda de instalaci\u00f3n"},"content":{"rendered":"\n<p>Consulta las instrucciones detalladas, que incluyen un v\u00eddeo y consejos importantes sobre c\u00f3mo instalar tu e-SIM en tu dispositivo Android o IOS.<\/p>\n","protected":false},"excerpt":{"rendered":"<p>Consulta las instrucciones detalladas, que incluyen un v\u00eddeo y consejos importantes sobre c\u00f3mo instalar tu e-SIM en tu dispositivo Android o IOS.<\/p>\n","protected":false},"author":44,"featured_media":0,"parent":0,"menu_order":0,"comment_status":"closed","ping_status":"closed","template":"views\/tpl-how-to-install.php","meta":{"_acf_changed":false,"footnotes":""},"class_list":["post-3308","page","type-page","status-publish","hentry"],"acf":[],"yoast_head":"<!-- This site is optimized with the Yoast SEO plugin v24.3 - https:\/\/yoast.com\/wordpress\/plugins\/seo\/ -->\n<title>Gu\u00eda de instalaci\u00f3n - Agoda Voye Global<\/title>\n<meta name=\"robots\" content=\"noindex, nofollow\" \/>\n<meta property=\"og:locale\" content=\"es_ES\" \/>\n<meta property=\"og:type\" content=\"article\" \/>\n<meta property=\"og:title\" content=\"Gu\u00eda de instalaci\u00f3n - Agoda Voye Global\" \/>\n<meta property=\"og:description\" content=\"Consulta las instrucciones detalladas, que incluyen un v\u00eddeo y consejos importantes sobre c\u00f3mo instalar tu e-SIM en tu dispositivo Android o IOS.\" \/>\n<meta property=\"og:url\" content=\"https:\/\/agoda.voyeglobal.com\/es\/installation-guide\/\" \/>\n<meta property=\"og:site_name\" content=\"Agoda Voye Global\" \/>\n<meta property=\"article:modified_time\" content=\"2025-10-09T10:51:57+00:00\" \/>\n<meta name=\"twitter:card\" content=\"summary_large_image\" \/>\n<meta name=\"twitter:label1\" content=\"Tiempo de lectura\" \/>\n\t<meta name=\"twitter:data1\" content=\"1 minuto\" \/>\n<script type=\"application\/ld+json\" class=\"yoast-schema-graph\">{\"@context\":\"https:\/\/schema.org\",\"@graph\":[{\"@type\":\"WebPage\",\"@id\":\"https:\/\/agoda.voyeglobal.com\/es\/installation-guide\/\",\"url\":\"https:\/\/agoda.voyeglobal.com\/es\/installation-guide\/\",\"name\":\"Gu\u00eda de instalaci\u00f3n - Agoda Voye Global\",\"isPartOf\":{\"@id\":\"https:\/\/agoda.voyeglobal.com\/#website\"},\"datePublished\":\"2024-01-29T08:03:58+00:00\",\"dateModified\":\"2025-10-09T10:51:57+00:00\",\"breadcrumb\":{\"@id\":\"https:\/\/agoda.voyeglobal.com\/es\/installation-guide\/#breadcrumb\"},\"inLanguage\":\"es\",\"potentialAction\":[{\"@type\":\"ReadAction\",\"target\":[\"https:\/\/agoda.voyeglobal.com\/es\/installation-guide\/\"]}]},{\"@type\":\"BreadcrumbList\",\"@id\":\"https:\/\/agoda.voyeglobal.com\/es\/installation-guide\/#breadcrumb\",\"itemListElement\":[{\"@type\":\"ListItem\",\"position\":1,\"name\":\"Home\",\"item\":\"https:\/\/agoda.voyeglobal.com\/es\/\"},{\"@type\":\"ListItem\",\"position\":2,\"name\":\"Gu\u00eda de instalaci\u00f3n\"}]},{\"@type\":\"WebSite\",\"@id\":\"https:\/\/agoda.voyeglobal.com\/#website\",\"url\":\"https:\/\/agoda.voyeglobal.com\/\",\"name\":\"Voye\",\"description\":\"\",\"publisher\":{\"@id\":\"https:\/\/agoda.voyeglobal.com\/#organization\"},\"potentialAction\":[{\"@type\":\"SearchAction\",\"target\":{\"@type\":\"EntryPoint\",\"urlTemplate\":\"https:\/\/agoda.voyeglobal.com\/?s={search_term_string}\"},\"query-input\":{\"@type\":\"PropertyValueSpecification\",\"valueRequired\":true,\"valueName\":\"search_term_string\"}}],\"inLanguage\":\"es\"},{\"@type\":\"Organization\",\"@id\":\"https:\/\/agoda.voyeglobal.com\/#organization\",\"name\":\"Voye\",\"url\":\"https:\/\/agoda.voyeglobal.com\/\",\"logo\":{\"@type\":\"ImageObject\",\"inLanguage\":\"es\",\"@id\":\"https:\/\/agoda.voyeglobal.com\/#\/schema\/logo\/image\/\",\"url\":\"https:\/\/agoda.voyeglobal.com\/wp-content\/uploads\/2024\/01\/logo.svg\",\"contentUrl\":\"https:\/\/agoda.voyeglobal.com\/wp-content\/uploads\/2024\/01\/logo.svg\",\"width\":1,\"height\":1,\"caption\":\"Voye\"},\"image\":{\"@id\":\"https:\/\/agoda.voyeglobal.com\/#\/schema\/logo\/image\/\"}}]}<\/script>\n<!-- \/ Yoast SEO plugin. -->","yoast_head_json":{"title":"Gu\u00eda de instalaci\u00f3n - Agoda Voye Global","robots":{"index":"noindex","follow":"nofollow"},"og_locale":"es_ES","og_type":"article","og_title":"Gu\u00eda de instalaci\u00f3n - Agoda Voye Global","og_description":"Consulta las instrucciones detalladas, que incluyen un v\u00eddeo y consejos importantes sobre c\u00f3mo instalar tu e-SIM en tu dispositivo Android o IOS.","og_url":"https:\/\/agoda.voyeglobal.com\/es\/installation-guide\/","og_site_name":"Agoda Voye Global","article_modified_time":"2025-10-09T10:51:57+00:00","twitter_card":"summary_large_image","twitter_misc":{"Tiempo de lectura":"1 minuto"},"schema":{"@context":"https:\/\/schema.org","@graph":[{"@type":"WebPage","@id":"https:\/\/agoda.voyeglobal.com\/es\/installation-guide\/","url":"https:\/\/agoda.voyeglobal.com\/es\/installation-guide\/","name":"Gu\u00eda de instalaci\u00f3n - Agoda Voye Global","isPartOf":{"@id":"https:\/\/agoda.voyeglobal.com\/#website"},"datePublished":"2024-01-29T08:03:58+00:00","dateModified":"2025-10-09T10:51:57+00:00","breadcrumb":{"@id":"https:\/\/agoda.voyeglobal.com\/es\/installation-guide\/#breadcrumb"},"inLanguage":"es","potentialAction":[{"@type":"ReadAction","target":["https:\/\/agoda.voyeglobal.com\/es\/installation-guide\/"]}]},{"@type":"BreadcrumbList","@id":"https:\/\/agoda.voyeglobal.com\/es\/installation-guide\/#breadcrumb","itemListElement":[{"@type":"ListItem","position":1,"name":"Home","item":"https:\/\/agoda.voyeglobal.com\/es\/"},{"@type":"ListItem","position":2,"name":"Gu\u00eda de instalaci\u00f3n"}]},{"@type":"WebSite","@id":"https:\/\/agoda.voyeglobal.com\/#website","url":"https:\/\/agoda.voyeglobal.com\/","name":"Voye","description":"","publisher":{"@id":"https:\/\/agoda.voyeglobal.com\/#organization"},"potentialAction":[{"@type":"SearchAction","target":{"@type":"EntryPoint","urlTemplate":"https:\/\/agoda.voyeglobal.com\/?s={search_term_string}"},"query-input":{"@type":"PropertyValueSpecification","valueRequired":true,"valueName":"search_term_string"}}],"inLanguage":"es"},{"@type":"Organization","@id":"https:\/\/agoda.voyeglobal.com\/#organization","name":"Voye","url":"https:\/\/agoda.voyeglobal.com\/","logo":{"@type":"ImageObject","inLanguage":"es","@id":"https:\/\/agoda.voyeglobal.com\/#\/schema\/logo\/image\/","url":"https:\/\/agoda.voyeglobal.com\/wp-content\/uploads\/2024\/01\/logo.svg","contentUrl":"https:\/\/agoda.voyeglobal.com\/wp-content\/uploads\/2024\/01\/logo.svg","width":1,"height":1,"caption":"Voye"},"image":{"@id":"https:\/\/agoda.voyeglobal.com\/#\/schema\/logo\/image\/"}}]}},"_links":{"self":[{"href":"https:\/\/agoda.voyeglobal.com\/es\/wp-json\/wp\/v2\/pages\/3308","targetHints":{"allow":["GET"]}}],"collection":[{"href":"https:\/\/agoda.voyeglobal.com\/es\/wp-json\/wp\/v2\/pages"}],"about":[{"href":"https:\/\/agoda.voyeglobal.com\/es\/wp-json\/wp\/v2\/types\/page"}],"author":[{"embeddable":true,"href":"https:\/\/agoda.voyeglobal.com\/es\/wp-json\/wp\/v2\/users\/44"}],"replies":[{"embeddable":true,"href":"https:\/\/agoda.voyeglobal.com\/es\/wp-json\/wp\/v2\/comments?post=3308"}],"version-history":[{"count":2,"href":"https:\/\/agoda.voyeglobal.com\/es\/wp-json\/wp\/v2\/pages\/3308\/revisions"}],"predecessor-version":[{"id":223686,"href":"https:\/\/agoda.voyeglobal.com\/es\/wp-json\/wp\/v2\/pages\/3308\/revisions\/223686"}],"wp:attachment":[{"href":"https:\/\/agoda.voyeglobal.com\/es\/wp-json\/wp\/v2\/media?parent=3308"}],"curies":[{"name":"wp","href":"https:\/\/api.w.org\/{rel}","templated":true}]}}