{"id":4597,"date":"2024-02-12T07:41:52","date_gmt":"2024-02-12T07:41:52","guid":{"rendered":"https:\/\/agoda.voyeglobal.com\/a-propos-de-voye\/"},"modified":"2024-08-07T10:30:58","modified_gmt":"2024-08-07T10:30:58","slug":"about-voye","status":"publish","type":"page","link":"https:\/\/agoda.voyeglobal.com\/fr\/about-voye\/","title":{"rendered":"\u00c0 propos de Voye"},"content":{"rendered":"\n<p>Voye est une entreprise visionnaire de technologie et d&rsquo;aventure qui cr\u00e9e des services d&rsquo;itin\u00e9rance mondiale r\u00e9volutionnaires. Con\u00e7us sur mesure pour les voyageurs du monde entier et les aventuriers, nous veillons \u00e0 ce que vous viviez toujours une exp\u00e9rience de voyage personnalis\u00e9e gr\u00e2ce \u00e0 une connectivit\u00e9 transparente. Un marketing honn\u00eate, associ\u00e9 \u00e0 des ann\u00e9es d&rsquo;expertise, signifie que notre conception innovante et intuitive vous aide \u00e0 cocher votre liste de choses \u00e0 faire, une par une, sans faire d&rsquo;histoires.<\/p>\n\n<h3 class=\"wp-block-heading\">Notre vision<\/h3>\n\n<p>La connectivit\u00e9 est essentielle \u00e0 l&rsquo;exp\u00e9rience utilisateur du voyageur, lui permettant de parcourir le monde, \u00e0 la d\u00e9couverte d&rsquo;une infinit\u00e9 de destinations uniques et de joyaux cach\u00e9s. Les voyages personnels permettent de partager des aventures en temps r\u00e9el avec les amis et la famille. C&rsquo;est pourquoi nous laissons derri\u00e8re nous les tracas et les co\u00fbts \u00e9lev\u00e9s de la connectivit\u00e9. D\u00e9sormais, il vous suffit de cliquer sur votre bouton Voye pour vous connecter, vous d\u00e9tendre et vous concentrer sur l&rsquo;essentiel\u00a0: votre prochaine aventure\u00a0! Nous nous effor\u00e7ons de rendre l&rsquo;itin\u00e9rance des donn\u00e9es pour les voyageurs simple et abordable. Adieu les petits caract\u00e8res et les interm\u00e9diaires co\u00fbteux. En mati\u00e8re de couverture t\u00e9l\u00e9phonique, le local est devenu mondial\u00a0!<\/p>\n","protected":false},"excerpt":{"rendered":"<p>Voye est une entreprise visionnaire de technologie et d&rsquo;aventure qui cr\u00e9e des services d&rsquo;itin\u00e9rance mondiale r\u00e9volutionnaires. Con\u00e7us sur mesure pour les voyageurs du monde entier et les aventuriers, nous veillons \u00e0 ce que vous viviez toujours une exp\u00e9rience de voyage personnalis\u00e9e gr\u00e2ce \u00e0 une connectivit\u00e9 transparente. Un marketing honn\u00eate, associ\u00e9 \u00e0 des ann\u00e9es d&rsquo;expertise, signifie [&hellip;]<\/p>\n","protected":false},"author":44,"featured_media":0,"parent":0,"menu_order":0,"comment_status":"closed","ping_status":"closed","template":"views\/tpl-about.php","meta":{"_acf_changed":false,"footnotes":""},"class_list":["post-4597","page","type-page","status-publish","hentry"],"acf":[],"yoast_head":"<!-- This site is optimized with the Yoast SEO plugin v24.3 - https:\/\/yoast.com\/wordpress\/plugins\/seo\/ -->\n<title>\u00c0 propos de Voye - Agoda Voye Global<\/title>\n<meta name=\"robots\" content=\"noindex, nofollow\" \/>\n<meta property=\"og:locale\" content=\"fr_FR\" \/>\n<meta property=\"og:type\" content=\"article\" \/>\n<meta property=\"og:title\" content=\"\u00c0 propos de Voye - Agoda Voye Global\" \/>\n<meta property=\"og:description\" content=\"Voye est une entreprise visionnaire de technologie et d&rsquo;aventure qui cr\u00e9e des services d&rsquo;itin\u00e9rance mondiale r\u00e9volutionnaires. Con\u00e7us sur mesure pour les voyageurs du monde entier et les aventuriers, nous veillons \u00e0 ce que vous viviez toujours une exp\u00e9rience de voyage personnalis\u00e9e gr\u00e2ce \u00e0 une connectivit\u00e9 transparente. Un marketing honn\u00eate, associ\u00e9 \u00e0 des ann\u00e9es d&rsquo;expertise, signifie [&hellip;]\" \/>\n<meta property=\"og:url\" content=\"https:\/\/agoda.voyeglobal.com\/fr\/about-voye\/\" \/>\n<meta property=\"og:site_name\" content=\"Agoda Voye Global\" \/>\n<meta property=\"article:modified_time\" content=\"2024-08-07T10:30:58+00:00\" \/>\n<meta name=\"twitter:card\" content=\"summary_large_image\" \/>\n<meta name=\"twitter:label1\" content=\"Dur\u00e9e de lecture estim\u00e9e\" \/>\n\t<meta name=\"twitter:data1\" content=\"1 minute\" \/>\n<script type=\"application\/ld+json\" class=\"yoast-schema-graph\">{\"@context\":\"https:\/\/schema.org\",\"@graph\":[{\"@type\":\"WebPage\",\"@id\":\"https:\/\/agoda.voyeglobal.com\/fr\/about-voye\/\",\"url\":\"https:\/\/agoda.voyeglobal.com\/fr\/about-voye\/\",\"name\":\"\u00c0 propos de Voye - Agoda Voye Global\",\"isPartOf\":{\"@id\":\"https:\/\/agoda.voyeglobal.com\/#website\"},\"datePublished\":\"2024-02-12T07:41:52+00:00\",\"dateModified\":\"2024-08-07T10:30:58+00:00\",\"breadcrumb\":{\"@id\":\"https:\/\/agoda.voyeglobal.com\/fr\/about-voye\/#breadcrumb\"},\"inLanguage\":\"fr-FR\",\"potentialAction\":[{\"@type\":\"ReadAction\",\"target\":[\"https:\/\/agoda.voyeglobal.com\/fr\/about-voye\/\"]}]},{\"@type\":\"BreadcrumbList\",\"@id\":\"https:\/\/agoda.voyeglobal.com\/fr\/about-voye\/#breadcrumb\",\"itemListElement\":[{\"@type\":\"ListItem\",\"position\":1,\"name\":\"Home\",\"item\":\"https:\/\/agoda.voyeglobal.com\/fr\/\"},{\"@type\":\"ListItem\",\"position\":2,\"name\":\"\u00c0 propos de Voye\"}]},{\"@type\":\"WebSite\",\"@id\":\"https:\/\/agoda.voyeglobal.com\/#website\",\"url\":\"https:\/\/agoda.voyeglobal.com\/\",\"name\":\"Voye\",\"description\":\"\",\"publisher\":{\"@id\":\"https:\/\/agoda.voyeglobal.com\/#organization\"},\"potentialAction\":[{\"@type\":\"SearchAction\",\"target\":{\"@type\":\"EntryPoint\",\"urlTemplate\":\"https:\/\/agoda.voyeglobal.com\/?s={search_term_string}\"},\"query-input\":{\"@type\":\"PropertyValueSpecification\",\"valueRequired\":true,\"valueName\":\"search_term_string\"}}],\"inLanguage\":\"fr-FR\"},{\"@type\":\"Organization\",\"@id\":\"https:\/\/agoda.voyeglobal.com\/#organization\",\"name\":\"Voye\",\"url\":\"https:\/\/agoda.voyeglobal.com\/\",\"logo\":{\"@type\":\"ImageObject\",\"inLanguage\":\"fr-FR\",\"@id\":\"https:\/\/agoda.voyeglobal.com\/#\/schema\/logo\/image\/\",\"url\":\"https:\/\/agoda.voyeglobal.com\/wp-content\/uploads\/2024\/01\/logo.svg\",\"contentUrl\":\"https:\/\/agoda.voyeglobal.com\/wp-content\/uploads\/2024\/01\/logo.svg\",\"width\":1,\"height\":1,\"caption\":\"Voye\"},\"image\":{\"@id\":\"https:\/\/agoda.voyeglobal.com\/#\/schema\/logo\/image\/\"}}]}<\/script>\n<!-- \/ Yoast SEO plugin. -->","yoast_head_json":{"title":"\u00c0 propos de Voye - Agoda Voye Global","robots":{"index":"noindex","follow":"nofollow"},"og_locale":"fr_FR","og_type":"article","og_title":"\u00c0 propos de Voye - Agoda Voye Global","og_description":"Voye est une entreprise visionnaire de technologie et d&rsquo;aventure qui cr\u00e9e des services d&rsquo;itin\u00e9rance mondiale r\u00e9volutionnaires. Con\u00e7us sur mesure pour les voyageurs du monde entier et les aventuriers, nous veillons \u00e0 ce que vous viviez toujours une exp\u00e9rience de voyage personnalis\u00e9e gr\u00e2ce \u00e0 une connectivit\u00e9 transparente. Un marketing honn\u00eate, associ\u00e9 \u00e0 des ann\u00e9es d&rsquo;expertise, signifie [&hellip;]","og_url":"https:\/\/agoda.voyeglobal.com\/fr\/about-voye\/","og_site_name":"Agoda Voye Global","article_modified_time":"2024-08-07T10:30:58+00:00","twitter_card":"summary_large_image","twitter_misc":{"Dur\u00e9e de lecture estim\u00e9e":"1 minute"},"schema":{"@context":"https:\/\/schema.org","@graph":[{"@type":"WebPage","@id":"https:\/\/agoda.voyeglobal.com\/fr\/about-voye\/","url":"https:\/\/agoda.voyeglobal.com\/fr\/about-voye\/","name":"\u00c0 propos de Voye - Agoda Voye Global","isPartOf":{"@id":"https:\/\/agoda.voyeglobal.com\/#website"},"datePublished":"2024-02-12T07:41:52+00:00","dateModified":"2024-08-07T10:30:58+00:00","breadcrumb":{"@id":"https:\/\/agoda.voyeglobal.com\/fr\/about-voye\/#breadcrumb"},"inLanguage":"fr-FR","potentialAction":[{"@type":"ReadAction","target":["https:\/\/agoda.voyeglobal.com\/fr\/about-voye\/"]}]},{"@type":"BreadcrumbList","@id":"https:\/\/agoda.voyeglobal.com\/fr\/about-voye\/#breadcrumb","itemListElement":[{"@type":"ListItem","position":1,"name":"Home","item":"https:\/\/agoda.voyeglobal.com\/fr\/"},{"@type":"ListItem","position":2,"name":"\u00c0 propos de Voye"}]},{"@type":"WebSite","@id":"https:\/\/agoda.voyeglobal.com\/#website","url":"https:\/\/agoda.voyeglobal.com\/","name":"Voye","description":"","publisher":{"@id":"https:\/\/agoda.voyeglobal.com\/#organization"},"potentialAction":[{"@type":"SearchAction","target":{"@type":"EntryPoint","urlTemplate":"https:\/\/agoda.voyeglobal.com\/?s={search_term_string}"},"query-input":{"@type":"PropertyValueSpecification","valueRequired":true,"valueName":"search_term_string"}}],"inLanguage":"fr-FR"},{"@type":"Organization","@id":"https:\/\/agoda.voyeglobal.com\/#organization","name":"Voye","url":"https:\/\/agoda.voyeglobal.com\/","logo":{"@type":"ImageObject","inLanguage":"fr-FR","@id":"https:\/\/agoda.voyeglobal.com\/#\/schema\/logo\/image\/","url":"https:\/\/agoda.voyeglobal.com\/wp-content\/uploads\/2024\/01\/logo.svg","contentUrl":"https:\/\/agoda.voyeglobal.com\/wp-content\/uploads\/2024\/01\/logo.svg","width":1,"height":1,"caption":"Voye"},"image":{"@id":"https:\/\/agoda.voyeglobal.com\/#\/schema\/logo\/image\/"}}]}},"_links":{"self":[{"href":"https:\/\/agoda.voyeglobal.com\/fr\/wp-json\/wp\/v2\/pages\/4597","targetHints":{"allow":["GET"]}}],"collection":[{"href":"https:\/\/agoda.voyeglobal.com\/fr\/wp-json\/wp\/v2\/pages"}],"about":[{"href":"https:\/\/agoda.voyeglobal.com\/fr\/wp-json\/wp\/v2\/types\/page"}],"author":[{"embeddable":true,"href":"https:\/\/agoda.voyeglobal.com\/fr\/wp-json\/wp\/v2\/users\/44"}],"replies":[{"embeddable":true,"href":"https:\/\/agoda.voyeglobal.com\/fr\/wp-json\/wp\/v2\/comments?post=4597"}],"version-history":[{"count":0,"href":"https:\/\/agoda.voyeglobal.com\/fr\/wp-json\/wp\/v2\/pages\/4597\/revisions"}],"wp:attachment":[{"href":"https:\/\/agoda.voyeglobal.com\/fr\/wp-json\/wp\/v2\/media?parent=4597"}],"curies":[{"name":"wp","href":"https:\/\/api.w.org\/{rel}","templated":true}]}}