{"id":5182,"date":"2024-01-29T08:03:58","date_gmt":"2024-01-29T08:03:58","guid":{"rendered":"https:\/\/agoda.voyeglobal.com\/guide-dinstallation\/"},"modified":"2025-10-09T10:55:12","modified_gmt":"2025-10-09T10:55:12","slug":"installation-guide","status":"publish","type":"page","link":"https:\/\/agoda.voyeglobal.com\/fr\/installation-guide\/","title":{"rendered":"Guide d\u2019installation"},"content":{"rendered":"\n<p>Trouvez des instructions d\u00e9taill\u00e9es, notamment une vid\u00e9o et des conseils importants sur la fa\u00e7on d\u2019installer votre eSIM sur votre appareil Android ou IOS<\/p>\n","protected":false},"excerpt":{"rendered":"<p>Trouvez des instructions d\u00e9taill\u00e9es, notamment une vid\u00e9o et des conseils importants sur la fa\u00e7on d\u2019installer votre eSIM sur votre appareil Android ou IOS<\/p>\n","protected":false},"author":44,"featured_media":0,"parent":0,"menu_order":0,"comment_status":"closed","ping_status":"closed","template":"views\/tpl-how-to-install.php","meta":{"_acf_changed":false,"footnotes":""},"class_list":["post-5182","page","type-page","status-publish","hentry"],"acf":[],"yoast_head":"<!-- This site is optimized with the Yoast SEO plugin v24.3 - https:\/\/yoast.com\/wordpress\/plugins\/seo\/ -->\n<title>Guide d\u2019installation - Agoda Voye Global<\/title>\n<meta name=\"robots\" content=\"noindex, nofollow\" \/>\n<meta property=\"og:locale\" content=\"fr_FR\" \/>\n<meta property=\"og:type\" content=\"article\" \/>\n<meta property=\"og:title\" content=\"Guide d\u2019installation - Agoda Voye Global\" \/>\n<meta property=\"og:description\" content=\"Trouvez des instructions d\u00e9taill\u00e9es, notamment une vid\u00e9o et des conseils importants sur la fa\u00e7on d\u2019installer votre eSIM sur votre appareil Android ou IOS\" \/>\n<meta property=\"og:url\" content=\"https:\/\/agoda.voyeglobal.com\/fr\/installation-guide\/\" \/>\n<meta property=\"og:site_name\" content=\"Agoda Voye Global\" \/>\n<meta property=\"article:modified_time\" content=\"2025-10-09T10:55:12+00:00\" \/>\n<meta name=\"twitter:card\" content=\"summary_large_image\" \/>\n<meta name=\"twitter:label1\" content=\"Dur\u00e9e de lecture estim\u00e9e\" \/>\n\t<meta name=\"twitter:data1\" content=\"1 minute\" \/>\n<script type=\"application\/ld+json\" class=\"yoast-schema-graph\">{\"@context\":\"https:\/\/schema.org\",\"@graph\":[{\"@type\":\"WebPage\",\"@id\":\"https:\/\/agoda.voyeglobal.com\/fr\/installation-guide\/\",\"url\":\"https:\/\/agoda.voyeglobal.com\/fr\/installation-guide\/\",\"name\":\"Guide d\u2019installation - Agoda Voye Global\",\"isPartOf\":{\"@id\":\"https:\/\/agoda.voyeglobal.com\/#website\"},\"datePublished\":\"2024-01-29T08:03:58+00:00\",\"dateModified\":\"2025-10-09T10:55:12+00:00\",\"breadcrumb\":{\"@id\":\"https:\/\/agoda.voyeglobal.com\/fr\/installation-guide\/#breadcrumb\"},\"inLanguage\":\"fr-FR\",\"potentialAction\":[{\"@type\":\"ReadAction\",\"target\":[\"https:\/\/agoda.voyeglobal.com\/fr\/installation-guide\/\"]}]},{\"@type\":\"BreadcrumbList\",\"@id\":\"https:\/\/agoda.voyeglobal.com\/fr\/installation-guide\/#breadcrumb\",\"itemListElement\":[{\"@type\":\"ListItem\",\"position\":1,\"name\":\"Home\",\"item\":\"https:\/\/agoda.voyeglobal.com\/fr\/\"},{\"@type\":\"ListItem\",\"position\":2,\"name\":\"Guide d\u2019installation\"}]},{\"@type\":\"WebSite\",\"@id\":\"https:\/\/agoda.voyeglobal.com\/#website\",\"url\":\"https:\/\/agoda.voyeglobal.com\/\",\"name\":\"Voye\",\"description\":\"\",\"publisher\":{\"@id\":\"https:\/\/agoda.voyeglobal.com\/#organization\"},\"potentialAction\":[{\"@type\":\"SearchAction\",\"target\":{\"@type\":\"EntryPoint\",\"urlTemplate\":\"https:\/\/agoda.voyeglobal.com\/?s={search_term_string}\"},\"query-input\":{\"@type\":\"PropertyValueSpecification\",\"valueRequired\":true,\"valueName\":\"search_term_string\"}}],\"inLanguage\":\"fr-FR\"},{\"@type\":\"Organization\",\"@id\":\"https:\/\/agoda.voyeglobal.com\/#organization\",\"name\":\"Voye\",\"url\":\"https:\/\/agoda.voyeglobal.com\/\",\"logo\":{\"@type\":\"ImageObject\",\"inLanguage\":\"fr-FR\",\"@id\":\"https:\/\/agoda.voyeglobal.com\/#\/schema\/logo\/image\/\",\"url\":\"https:\/\/agoda.voyeglobal.com\/wp-content\/uploads\/2024\/01\/logo.svg\",\"contentUrl\":\"https:\/\/agoda.voyeglobal.com\/wp-content\/uploads\/2024\/01\/logo.svg\",\"width\":1,\"height\":1,\"caption\":\"Voye\"},\"image\":{\"@id\":\"https:\/\/agoda.voyeglobal.com\/#\/schema\/logo\/image\/\"}}]}<\/script>\n<!-- \/ Yoast SEO plugin. -->","yoast_head_json":{"title":"Guide d\u2019installation - Agoda Voye Global","robots":{"index":"noindex","follow":"nofollow"},"og_locale":"fr_FR","og_type":"article","og_title":"Guide d\u2019installation - Agoda Voye Global","og_description":"Trouvez des instructions d\u00e9taill\u00e9es, notamment une vid\u00e9o et des conseils importants sur la fa\u00e7on d\u2019installer votre eSIM sur votre appareil Android ou IOS","og_url":"https:\/\/agoda.voyeglobal.com\/fr\/installation-guide\/","og_site_name":"Agoda Voye Global","article_modified_time":"2025-10-09T10:55:12+00:00","twitter_card":"summary_large_image","twitter_misc":{"Dur\u00e9e de lecture estim\u00e9e":"1 minute"},"schema":{"@context":"https:\/\/schema.org","@graph":[{"@type":"WebPage","@id":"https:\/\/agoda.voyeglobal.com\/fr\/installation-guide\/","url":"https:\/\/agoda.voyeglobal.com\/fr\/installation-guide\/","name":"Guide d\u2019installation - Agoda Voye Global","isPartOf":{"@id":"https:\/\/agoda.voyeglobal.com\/#website"},"datePublished":"2024-01-29T08:03:58+00:00","dateModified":"2025-10-09T10:55:12+00:00","breadcrumb":{"@id":"https:\/\/agoda.voyeglobal.com\/fr\/installation-guide\/#breadcrumb"},"inLanguage":"fr-FR","potentialAction":[{"@type":"ReadAction","target":["https:\/\/agoda.voyeglobal.com\/fr\/installation-guide\/"]}]},{"@type":"BreadcrumbList","@id":"https:\/\/agoda.voyeglobal.com\/fr\/installation-guide\/#breadcrumb","itemListElement":[{"@type":"ListItem","position":1,"name":"Home","item":"https:\/\/agoda.voyeglobal.com\/fr\/"},{"@type":"ListItem","position":2,"name":"Guide d\u2019installation"}]},{"@type":"WebSite","@id":"https:\/\/agoda.voyeglobal.com\/#website","url":"https:\/\/agoda.voyeglobal.com\/","name":"Voye","description":"","publisher":{"@id":"https:\/\/agoda.voyeglobal.com\/#organization"},"potentialAction":[{"@type":"SearchAction","target":{"@type":"EntryPoint","urlTemplate":"https:\/\/agoda.voyeglobal.com\/?s={search_term_string}"},"query-input":{"@type":"PropertyValueSpecification","valueRequired":true,"valueName":"search_term_string"}}],"inLanguage":"fr-FR"},{"@type":"Organization","@id":"https:\/\/agoda.voyeglobal.com\/#organization","name":"Voye","url":"https:\/\/agoda.voyeglobal.com\/","logo":{"@type":"ImageObject","inLanguage":"fr-FR","@id":"https:\/\/agoda.voyeglobal.com\/#\/schema\/logo\/image\/","url":"https:\/\/agoda.voyeglobal.com\/wp-content\/uploads\/2024\/01\/logo.svg","contentUrl":"https:\/\/agoda.voyeglobal.com\/wp-content\/uploads\/2024\/01\/logo.svg","width":1,"height":1,"caption":"Voye"},"image":{"@id":"https:\/\/agoda.voyeglobal.com\/#\/schema\/logo\/image\/"}}]}},"_links":{"self":[{"href":"https:\/\/agoda.voyeglobal.com\/fr\/wp-json\/wp\/v2\/pages\/5182","targetHints":{"allow":["GET"]}}],"collection":[{"href":"https:\/\/agoda.voyeglobal.com\/fr\/wp-json\/wp\/v2\/pages"}],"about":[{"href":"https:\/\/agoda.voyeglobal.com\/fr\/wp-json\/wp\/v2\/types\/page"}],"author":[{"embeddable":true,"href":"https:\/\/agoda.voyeglobal.com\/fr\/wp-json\/wp\/v2\/users\/44"}],"replies":[{"embeddable":true,"href":"https:\/\/agoda.voyeglobal.com\/fr\/wp-json\/wp\/v2\/comments?post=5182"}],"version-history":[{"count":2,"href":"https:\/\/agoda.voyeglobal.com\/fr\/wp-json\/wp\/v2\/pages\/5182\/revisions"}],"predecessor-version":[{"id":223689,"href":"https:\/\/agoda.voyeglobal.com\/fr\/wp-json\/wp\/v2\/pages\/5182\/revisions\/223689"}],"wp:attachment":[{"href":"https:\/\/agoda.voyeglobal.com\/fr\/wp-json\/wp\/v2\/media?parent=5182"}],"curies":[{"name":"wp","href":"https:\/\/api.w.org\/{rel}","templated":true}]}}